{"id":299,"date":"2024-02-12T21:41:10","date_gmt":"2024-02-12T21:41:10","guid":{"rendered":"https:\/\/psicospacio.com\/?page_id=299"},"modified":"2024-02-12T22:11:48","modified_gmt":"2024-02-12T22:11:48","slug":"aviso-legal","status":"publish","type":"page","link":"https:\/\/psicospacio.com\/en\/aviso-legal\/","title":{"rendered":"Legal Notice"},"content":{"rendered":"<div data-elementor-type=\"wp-page\" data-elementor-id=\"299\" class=\"elementor elementor-299\" data-elementor-post-type=\"page\">\n\t\t\t\t<div class=\"elementor-element elementor-element-9d6ff9b e-flex e-con-boxed e-con e-parent\" data-id=\"9d6ff9b\" data-element_type=\"container\">\n\t\t\t\t\t<div class=\"e-con-inner\">\n\t\t\t\t<div class=\"elementor-element elementor-element-5cdf717 elementor-widget elementor-widget-heading\" data-id=\"5cdf717\" data-element_type=\"widget\" data-widget_type=\"heading.default\">\n\t\t\t\t<div class=\"elementor-widget-container\">\n\t\t\t<style>\/*! elementor - v3.22.0 - 26-06-2024 *\/\n.elementor-heading-title{padding:0;margin:0;line-height:1}.elementor-widget-heading .elementor-heading-title[class*=elementor-size-]>a{color:inherit;font-size:inherit;line-height:inherit}.elementor-widget-heading .elementor-heading-title.elementor-size-small{font-size:15px}.elementor-widget-heading .elementor-heading-title.elementor-size-medium{font-size:19px}.elementor-widget-heading .elementor-heading-title.elementor-size-large{font-size:29px}.elementor-widget-heading .elementor-heading-title.elementor-size-xl{font-size:39px}.elementor-widget-heading .elementor-heading-title.elementor-size-xxl{font-size:59px}<\/style><h1 class=\"elementor-heading-title elementor-size-default\">Representative<\/h1>\t\t<\/div>\n\t\t\t\t<\/div>\n\t\t\t\t<div class=\"elementor-element elementor-element-5de48ce elementor-widget__width-initial elementor-widget-mobile__width-inherit elementor-widget elementor-widget-text-editor\" data-id=\"5de48ce\" data-element_type=\"widget\" data-widget_type=\"text-editor.default\">\n\t\t\t\t<div class=\"elementor-widget-container\">\n\t\t\t<style>\/*! elementor - v3.22.0 - 26-06-2024 *\/\n.elementor-widget-text-editor.elementor-drop-cap-view-stacked .elementor-drop-cap{background-color:#69727d;color:#fff}.elementor-widget-text-editor.elementor-drop-cap-view-framed .elementor-drop-cap{color:#69727d;border:3px solid;background-color:transparent}.elementor-widget-text-editor:not(.elementor-drop-cap-view-default) .elementor-drop-cap{margin-top:8px}.elementor-widget-text-editor:not(.elementor-drop-cap-view-default) .elementor-drop-cap-letter{width:1em;height:1em}.elementor-widget-text-editor .elementor-drop-cap{float:left;text-align:center;line-height:1;font-size:50px}.elementor-widget-text-editor .elementor-drop-cap-letter{display:inline-block}<\/style>\t\t\t\t<p>Yenifer Saborit Escobar (hereinafter referred to as Psicospacio)<\/p>\t\t\t\t\t\t<\/div>\n\t\t\t\t<\/div>\n\t\t\t\t<div class=\"elementor-element elementor-element-8f54c3e elementor-widget elementor-widget-heading\" data-id=\"8f54c3e\" data-element_type=\"widget\" data-widget_type=\"heading.default\">\n\t\t\t\t<div class=\"elementor-widget-container\">\n\t\t\t<h2 class=\"elementor-heading-title elementor-size-default\">CIF<\/h2>\t\t<\/div>\n\t\t\t\t<\/div>\n\t\t\t\t<div class=\"elementor-element elementor-element-fbacf6a elementor-widget__width-initial elementor-widget-mobile__width-inherit elementor-widget elementor-widget-text-editor\" data-id=\"fbacf6a\" data-element_type=\"widget\" data-widget_type=\"text-editor.default\">\n\t\t\t\t<div class=\"elementor-widget-container\">\n\t\t\t\t\t\t\t<p>73100324E<\/p>\t\t\t\t\t\t<\/div>\n\t\t\t\t<\/div>\n\t\t\t\t<div class=\"elementor-element elementor-element-cea1070 elementor-widget elementor-widget-heading\" data-id=\"cea1070\" data-element_type=\"widget\" data-widget_type=\"heading.default\">\n\t\t\t\t<div class=\"elementor-widget-container\">\n\t\t\t<h2 class=\"elementor-heading-title elementor-size-default\">Postal address<\/h2>\t\t<\/div>\n\t\t\t\t<\/div>\n\t\t\t\t<div class=\"elementor-element elementor-element-76cff28 elementor-widget__width-initial elementor-widget-mobile__width-inherit elementor-widget elementor-widget-text-editor\" data-id=\"76cff28\" data-element_type=\"widget\" data-widget_type=\"text-editor.default\">\n\t\t\t\t<div class=\"elementor-widget-container\">\n\t\t\t\t\t\t\t<p>Av. del General Avil\u00e9s, 49, Campanar, 46015 Val\u00e8ncia, Valencia<\/p>\t\t\t\t\t\t<\/div>\n\t\t\t\t<\/div>\n\t\t\t\t<div class=\"elementor-element elementor-element-928423e elementor-widget elementor-widget-heading\" data-id=\"928423e\" data-element_type=\"widget\" data-widget_type=\"heading.default\">\n\t\t\t\t<div class=\"elementor-widget-container\">\n\t\t\t<h2 class=\"elementor-heading-title elementor-size-default\">Phone<\/h2>\t\t<\/div>\n\t\t\t\t<\/div>\n\t\t\t\t<div class=\"elementor-element elementor-element-767d00a elementor-widget__width-initial elementor-widget-mobile__width-inherit elementor-widget elementor-widget-text-editor\" data-id=\"767d00a\" data-element_type=\"widget\" data-widget_type=\"text-editor.default\">\n\t\t\t\t<div class=\"elementor-widget-container\">\n\t\t\t\t\t\t\t<p>+34611424924<\/p>\t\t\t\t\t\t<\/div>\n\t\t\t\t<\/div>\n\t\t\t\t<div class=\"elementor-element elementor-element-f9744de elementor-widget elementor-widget-heading\" data-id=\"f9744de\" data-element_type=\"widget\" data-widget_type=\"heading.default\">\n\t\t\t\t<div class=\"elementor-widget-container\">\n\t\t\t<h2 class=\"elementor-heading-title elementor-size-default\">Email<\/h2>\t\t<\/div>\n\t\t\t\t<\/div>\n\t\t\t\t<div class=\"elementor-element elementor-element-3208bd4 elementor-widget__width-initial elementor-widget-mobile__width-inherit elementor-widget elementor-widget-text-editor\" data-id=\"3208bd4\" data-element_type=\"widget\" data-widget_type=\"text-editor.default\">\n\t\t\t\t<div class=\"elementor-widget-container\">\n\t\t\t\t\t\t\t<p>Psicospacio.info@gmail.com<\/p>\t\t\t\t\t\t<\/div>\n\t\t\t\t<\/div>\n\t\t\t\t<div class=\"elementor-element elementor-element-6c57571 elementor-widget elementor-widget-heading\" data-id=\"6c57571\" data-element_type=\"widget\" data-widget_type=\"heading.default\">\n\t\t\t\t<div class=\"elementor-widget-container\">\n\t\t\t<h2 class=\"elementor-heading-title elementor-size-default\">Object of the web site<\/h2>\t\t<\/div>\n\t\t\t\t<\/div>\n\t\t\t\t<div class=\"elementor-element elementor-element-0f1e796 elementor-widget__width-initial elementor-widget-mobile__width-inherit elementor-widget elementor-widget-text-editor\" data-id=\"0f1e796\" data-element_type=\"widget\" data-widget_type=\"text-editor.default\">\n\t\t\t\t<div class=\"elementor-widget-container\">\n\t\t\t\t\t\t\t<p>Inform users of Psicospacio's activities and projects.<\/p><p>The use of this Web site by the user implies full and unreserved acceptance by the user of the <strong>Conditions of use<\/strong> as indicated below<\/p><p><strong>Psychospace<\/strong> reserves the right to update, modify or eliminate these terms, which will be applicable as of their publication, so it is recommended that users consult the content of the latest version periodically.<\/p>\t\t\t\t\t\t<\/div>\n\t\t\t\t<\/div>\n\t\t\t\t\t<\/div>\n\t\t\t\t<\/div>\n\t\t\t\t<\/div>","protected":false},"excerpt":{"rendered":"<p>Representante Yenifer Saborit Escobar (en adelante Psicospacio) CIF 73100324E Direcci\u00f3n postal Av. del General Avil\u00e9s, 49, Campanar, 46015 Val\u00e8ncia, Valencia Tel\u00e9fono +34611424924 Email Psicospacio.info@gmail.com Objeto de la web Informar a los usuarios de las actividades y proyectos dePsicospacio. El uso de esta Web por el usuario implica la aceptaci\u00f3n por su parte, plena y sinreservas, [&hellip;]<\/p>","protected":false},"author":1,"featured_media":0,"parent":0,"menu_order":0,"comment_status":"closed","ping_status":"closed","template":"","meta":{"footnotes":""},"class_list":["post-299","page","type-page","status-publish","hentry"],"yoast_head":"<!-- This site is optimized with the Yoast SEO plugin v22.8 - https:\/\/yoast.com\/wordpress\/plugins\/seo\/ -->\n<title>Aviso legal - Psicospacio<\/title>\n<meta name=\"robots\" content=\"index, follow, max-snippet:-1, max-image-preview:large, max-video-preview:-1\" \/>\n<link rel=\"canonical\" href=\"https:\/\/psicospacio.com\/en\/aviso-legal\/\" \/>\n<meta property=\"og:locale\" content=\"en_US\" \/>\n<meta property=\"og:type\" content=\"article\" \/>\n<meta property=\"og:title\" content=\"Aviso legal - Psicospacio\" \/>\n<meta property=\"og:description\" content=\"Representante Yenifer Saborit Escobar (en adelante Psicospacio) CIF 73100324E Direcci\u00f3n postal Av. del General Avil\u00e9s, 49, Campanar, 46015 Val\u00e8ncia, Valencia Tel\u00e9fono +34611424924 Email Psicospacio.info@gmail.com Objeto de la web Informar a los usuarios de las actividades y proyectos dePsicospacio. El uso de esta Web por el usuario implica la aceptaci\u00f3n por su parte, plena y sinreservas, [&hellip;]\" \/>\n<meta property=\"og:url\" content=\"https:\/\/psicospacio.com\/en\/aviso-legal\/\" \/>\n<meta property=\"og:site_name\" content=\"Psicospacio\" \/>\n<meta property=\"article:modified_time\" content=\"2024-02-12T22:11:48+00:00\" \/>\n<meta name=\"twitter:card\" content=\"summary_large_image\" \/>\n<meta name=\"twitter:label1\" content=\"Est. reading time\" \/>\n\t<meta name=\"twitter:data1\" content=\"1 minute\" \/>\n<script type=\"application\/ld+json\" class=\"yoast-schema-graph\">{\"@context\":\"https:\/\/schema.org\",\"@graph\":[{\"@type\":\"WebPage\",\"@id\":\"https:\/\/psicospacio.com\/aviso-legal\/\",\"url\":\"https:\/\/psicospacio.com\/aviso-legal\/\",\"name\":\"Aviso legal - Psicospacio\",\"isPartOf\":{\"@id\":\"https:\/\/psicospacio.com\/#website\"},\"datePublished\":\"2024-02-12T21:41:10+00:00\",\"dateModified\":\"2024-02-12T22:11:48+00:00\",\"breadcrumb\":{\"@id\":\"https:\/\/psicospacio.com\/aviso-legal\/#breadcrumb\"},\"inLanguage\":\"en-US\",\"potentialAction\":[{\"@type\":\"ReadAction\",\"target\":[\"https:\/\/psicospacio.com\/aviso-legal\/\"]}]},{\"@type\":\"BreadcrumbList\",\"@id\":\"https:\/\/psicospacio.com\/aviso-legal\/#breadcrumb\",\"itemListElement\":[{\"@type\":\"ListItem\",\"position\":1,\"name\":\"Portada\",\"item\":\"https:\/\/psicospacio.com\/\"},{\"@type\":\"ListItem\",\"position\":2,\"name\":\"Aviso legal\"}]},{\"@type\":\"WebSite\",\"@id\":\"https:\/\/psicospacio.com\/#website\",\"url\":\"https:\/\/psicospacio.com\/\",\"name\":\"PsicoSpacio\",\"description\":\"\",\"publisher\":{\"@id\":\"https:\/\/psicospacio.com\/#organization\"},\"potentialAction\":[{\"@type\":\"SearchAction\",\"target\":{\"@type\":\"EntryPoint\",\"urlTemplate\":\"https:\/\/psicospacio.com\/?s={search_term_string}\"},\"query-input\":\"required name=search_term_string\"}],\"inLanguage\":\"en-US\"},{\"@type\":\"Organization\",\"@id\":\"https:\/\/psicospacio.com\/#organization\",\"name\":\"PsicoSpacio\",\"url\":\"https:\/\/psicospacio.com\/\",\"logo\":{\"@type\":\"ImageObject\",\"inLanguage\":\"en-US\",\"@id\":\"https:\/\/psicospacio.com\/#\/schema\/logo\/image\/\",\"url\":\"https:\/\/psicospacio.com\/wp-content\/uploads\/2024\/01\/1023c201-9a9a-4b68-a1c7-01416bf02d92.png\",\"contentUrl\":\"https:\/\/psicospacio.com\/wp-content\/uploads\/2024\/01\/1023c201-9a9a-4b68-a1c7-01416bf02d92.png\",\"width\":1056,\"height\":654,\"caption\":\"PsicoSpacio\"},\"image\":{\"@id\":\"https:\/\/psicospacio.com\/#\/schema\/logo\/image\/\"}}]}<\/script>\n<!-- \/ Yoast SEO plugin. -->","yoast_head_json":{"title":"Aviso legal - Psicospacio","robots":{"index":"index","follow":"follow","max-snippet":"max-snippet:-1","max-image-preview":"max-image-preview:large","max-video-preview":"max-video-preview:-1"},"canonical":"https:\/\/psicospacio.com\/en\/aviso-legal\/","og_locale":"en_US","og_type":"article","og_title":"Aviso legal - Psicospacio","og_description":"Representante Yenifer Saborit Escobar (en adelante Psicospacio) CIF 73100324E Direcci\u00f3n postal Av. del General Avil\u00e9s, 49, Campanar, 46015 Val\u00e8ncia, Valencia Tel\u00e9fono +34611424924 Email Psicospacio.info@gmail.com Objeto de la web Informar a los usuarios de las actividades y proyectos dePsicospacio. El uso de esta Web por el usuario implica la aceptaci\u00f3n por su parte, plena y sinreservas, [&hellip;]","og_url":"https:\/\/psicospacio.com\/en\/aviso-legal\/","og_site_name":"Psicospacio","article_modified_time":"2024-02-12T22:11:48+00:00","twitter_card":"summary_large_image","twitter_misc":{"Est. reading time":"1 minute"},"schema":{"@context":"https:\/\/schema.org","@graph":[{"@type":"WebPage","@id":"https:\/\/psicospacio.com\/aviso-legal\/","url":"https:\/\/psicospacio.com\/aviso-legal\/","name":"Aviso legal - Psicospacio","isPartOf":{"@id":"https:\/\/psicospacio.com\/#website"},"datePublished":"2024-02-12T21:41:10+00:00","dateModified":"2024-02-12T22:11:48+00:00","breadcrumb":{"@id":"https:\/\/psicospacio.com\/aviso-legal\/#breadcrumb"},"inLanguage":"en-US","potentialAction":[{"@type":"ReadAction","target":["https:\/\/psicospacio.com\/aviso-legal\/"]}]},{"@type":"BreadcrumbList","@id":"https:\/\/psicospacio.com\/aviso-legal\/#breadcrumb","itemListElement":[{"@type":"ListItem","position":1,"name":"Portada","item":"https:\/\/psicospacio.com\/"},{"@type":"ListItem","position":2,"name":"Aviso legal"}]},{"@type":"WebSite","@id":"https:\/\/psicospacio.com\/#website","url":"https:\/\/psicospacio.com\/","name":"PsicoSpacio","description":"","publisher":{"@id":"https:\/\/psicospacio.com\/#organization"},"potentialAction":[{"@type":"SearchAction","target":{"@type":"EntryPoint","urlTemplate":"https:\/\/psicospacio.com\/?s={search_term_string}"},"query-input":"required name=search_term_string"}],"inLanguage":"en-US"},{"@type":"Organization","@id":"https:\/\/psicospacio.com\/#organization","name":"PsicoSpacio","url":"https:\/\/psicospacio.com\/","logo":{"@type":"ImageObject","inLanguage":"en-US","@id":"https:\/\/psicospacio.com\/#\/schema\/logo\/image\/","url":"https:\/\/psicospacio.com\/wp-content\/uploads\/2024\/01\/1023c201-9a9a-4b68-a1c7-01416bf02d92.png","contentUrl":"https:\/\/psicospacio.com\/wp-content\/uploads\/2024\/01\/1023c201-9a9a-4b68-a1c7-01416bf02d92.png","width":1056,"height":654,"caption":"PsicoSpacio"},"image":{"@id":"https:\/\/psicospacio.com\/#\/schema\/logo\/image\/"}}]}},"_links":{"self":[{"href":"https:\/\/psicospacio.com\/en\/wp-json\/wp\/v2\/pages\/299","targetHints":{"allow":["GET"]}}],"collection":[{"href":"https:\/\/psicospacio.com\/en\/wp-json\/wp\/v2\/pages"}],"about":[{"href":"https:\/\/psicospacio.com\/en\/wp-json\/wp\/v2\/types\/page"}],"author":[{"embeddable":true,"href":"https:\/\/psicospacio.com\/en\/wp-json\/wp\/v2\/users\/1"}],"replies":[{"embeddable":true,"href":"https:\/\/psicospacio.com\/en\/wp-json\/wp\/v2\/comments?post=299"}],"version-history":[{"count":10,"href":"https:\/\/psicospacio.com\/en\/wp-json\/wp\/v2\/pages\/299\/revisions"}],"predecessor-version":[{"id":320,"href":"https:\/\/psicospacio.com\/en\/wp-json\/wp\/v2\/pages\/299\/revisions\/320"}],"wp:attachment":[{"href":"https:\/\/psicospacio.com\/en\/wp-json\/wp\/v2\/media?parent=299"}],"curies":[{"name":"wp","href":"https:\/\/api.w.org\/{rel}","templated":true}]}}