{"id":312,"date":"2024-02-12T22:03:14","date_gmt":"2024-02-12T22:03:14","guid":{"rendered":"https:\/\/psicospacio.com\/?page_id=312"},"modified":"2024-02-12T22:11:05","modified_gmt":"2024-02-12T22:11:05","slug":"politica-de-privacidad","status":"publish","type":"page","link":"https:\/\/psicospacio.com\/en\/politica-de-privacidad\/","title":{"rendered":"Politica de privacidad"},"content":{"rendered":"<div data-elementor-type=\"wp-page\" data-elementor-id=\"312\" class=\"elementor elementor-312\" data-elementor-post-type=\"page\">\n\t\t\t\t<div class=\"elementor-element elementor-element-8c7ab0f e-flex e-con-boxed e-con e-parent\" data-id=\"8c7ab0f\" data-element_type=\"container\">\n\t\t\t\t\t<div class=\"e-con-inner\">\n\t\t<div class=\"elementor-element elementor-element-fddb954 e-con-full e-flex e-con e-child\" data-id=\"fddb954\" data-element_type=\"container\">\n\t\t\t\t<div class=\"elementor-element elementor-element-3840b69 elementor-widget elementor-widget-heading\" data-id=\"3840b69\" data-element_type=\"widget\" data-widget_type=\"heading.default\">\n\t\t\t\t<div class=\"elementor-widget-container\">\n\t\t\t<style>\/*! elementor - v3.22.0 - 26-06-2024 *\/\n.elementor-heading-title{padding:0;margin:0;line-height:1}.elementor-widget-heading .elementor-heading-title[class*=elementor-size-]>a{color:inherit;font-size:inherit;line-height:inherit}.elementor-widget-heading .elementor-heading-title.elementor-size-small{font-size:15px}.elementor-widget-heading .elementor-heading-title.elementor-size-medium{font-size:19px}.elementor-widget-heading .elementor-heading-title.elementor-size-large{font-size:29px}.elementor-widget-heading .elementor-heading-title.elementor-size-xl{font-size:39px}.elementor-widget-heading .elementor-heading-title.elementor-size-xxl{font-size:59px}<\/style><h1 class=\"elementor-heading-title elementor-size-default\">Who is responsible for the processing of your data?<\/h1>\t\t<\/div>\n\t\t\t\t<\/div>\n\t\t\t\t<div class=\"elementor-element elementor-element-211d4d4 elementor-widget elementor-widget-heading\" data-id=\"211d4d4\" data-element_type=\"widget\" data-widget_type=\"heading.default\">\n\t\t\t\t<div class=\"elementor-widget-container\">\n\t\t\t<h2 class=\"elementor-heading-title elementor-size-default\">Identity<\/h2>\t\t<\/div>\n\t\t\t\t<\/div>\n\t\t\t\t<div class=\"elementor-element elementor-element-cd66fba elementor-widget__width-initial elementor-widget-mobile__width-inherit elementor-widget elementor-widget-text-editor\" data-id=\"cd66fba\" data-element_type=\"widget\" data-widget_type=\"text-editor.default\">\n\t\t\t\t<div class=\"elementor-widget-container\">\n\t\t\t<style>\/*! elementor - v3.22.0 - 26-06-2024 *\/\n.elementor-widget-text-editor.elementor-drop-cap-view-stacked .elementor-drop-cap{background-color:#69727d;color:#fff}.elementor-widget-text-editor.elementor-drop-cap-view-framed .elementor-drop-cap{color:#69727d;border:3px solid;background-color:transparent}.elementor-widget-text-editor:not(.elementor-drop-cap-view-default) .elementor-drop-cap{margin-top:8px}.elementor-widget-text-editor:not(.elementor-drop-cap-view-default) .elementor-drop-cap-letter{width:1em;height:1em}.elementor-widget-text-editor .elementor-drop-cap{float:left;text-align:center;line-height:1;font-size:50px}.elementor-widget-text-editor .elementor-drop-cap-letter{display:inline-block}<\/style>\t\t\t\t<p>Yenifer Saborit Escobar (hereinafter referred to as \"Psicospacio\")<\/p>\t\t\t\t\t\t<\/div>\n\t\t\t\t<\/div>\n\t\t\t\t<div class=\"elementor-element elementor-element-606fc3f elementor-widget elementor-widget-heading\" data-id=\"606fc3f\" data-element_type=\"widget\" data-widget_type=\"heading.default\">\n\t\t\t\t<div class=\"elementor-widget-container\">\n\t\t\t<h2 class=\"elementor-heading-title elementor-size-default\">CIF<\/h2>\t\t<\/div>\n\t\t\t\t<\/div>\n\t\t\t\t<div class=\"elementor-element elementor-element-25b78c8 elementor-widget__width-initial elementor-widget-mobile__width-inherit elementor-widget elementor-widget-text-editor\" data-id=\"25b78c8\" data-element_type=\"widget\" data-widget_type=\"text-editor.default\">\n\t\t\t\t<div class=\"elementor-widget-container\">\n\t\t\t\t\t\t\t<p>73100324E<\/p>\t\t\t\t\t\t<\/div>\n\t\t\t\t<\/div>\n\t\t\t\t<div class=\"elementor-element elementor-element-b9e759e elementor-widget elementor-widget-heading\" data-id=\"b9e759e\" data-element_type=\"widget\" data-widget_type=\"heading.default\">\n\t\t\t\t<div class=\"elementor-widget-container\">\n\t\t\t<h2 class=\"elementor-heading-title elementor-size-default\">Postal address<\/h2>\t\t<\/div>\n\t\t\t\t<\/div>\n\t\t\t\t<div class=\"elementor-element elementor-element-5826502 elementor-widget__width-initial elementor-widget-mobile__width-inherit elementor-widget elementor-widget-text-editor\" data-id=\"5826502\" data-element_type=\"widget\" data-widget_type=\"text-editor.default\">\n\t\t\t\t<div class=\"elementor-widget-container\">\n\t\t\t\t\t\t\t<p>Av. del General Avil\u00e9s, 49, Campanar, 46015 Val\u00e8ncia, Valencia<\/p>\t\t\t\t\t\t<\/div>\n\t\t\t\t<\/div>\n\t\t\t\t<div class=\"elementor-element elementor-element-3606f7b elementor-widget elementor-widget-heading\" data-id=\"3606f7b\" data-element_type=\"widget\" data-widget_type=\"heading.default\">\n\t\t\t\t<div class=\"elementor-widget-container\">\n\t\t\t<h2 class=\"elementor-heading-title elementor-size-default\">Correo electr\u00f3nico<\/h2>\t\t<\/div>\n\t\t\t\t<\/div>\n\t\t\t\t<div class=\"elementor-element elementor-element-bc0a307 elementor-widget__width-initial elementor-widget-mobile__width-inherit elementor-widget elementor-widget-text-editor\" data-id=\"bc0a307\" data-element_type=\"widget\" data-widget_type=\"text-editor.default\">\n\t\t\t\t<div class=\"elementor-widget-container\">\n\t\t\t\t\t\t\t<p>Psicospacio.info@gmail.com<\/p>\t\t\t\t\t\t<\/div>\n\t\t\t\t<\/div>\n\t\t\t\t<div class=\"elementor-element elementor-element-44ca03e elementor-widget elementor-widget-heading\" data-id=\"44ca03e\" data-element_type=\"widget\" data-widget_type=\"heading.default\">\n\t\t\t\t<div class=\"elementor-widget-container\">\n\t\t\t<h2 class=\"elementor-heading-title elementor-size-default\">Phone<\/h2>\t\t<\/div>\n\t\t\t\t<\/div>\n\t\t\t\t<div class=\"elementor-element elementor-element-ddeaf58 elementor-widget__width-initial elementor-widget-mobile__width-inherit elementor-widget elementor-widget-text-editor\" data-id=\"ddeaf58\" data-element_type=\"widget\" data-widget_type=\"text-editor.default\">\n\t\t\t\t<div class=\"elementor-widget-container\">\n\t\t\t\t\t\t\t<p>+34 611424924<\/p>\t\t\t\t\t\t<\/div>\n\t\t\t\t<\/div>\n\t\t\t\t<div class=\"elementor-element elementor-element-4318b09 elementor-widget elementor-widget-heading\" data-id=\"4318b09\" data-element_type=\"widget\" data-widget_type=\"heading.default\">\n\t\t\t\t<div class=\"elementor-widget-container\">\n\t\t\t<h2 class=\"elementor-heading-title elementor-size-default\">For what purposes do we process your personal data?<\/h2>\t\t<\/div>\n\t\t\t\t<\/div>\n\t\t\t\t<div class=\"elementor-element elementor-element-37769be elementor-widget__width-initial elementor-widget-mobile__width-inherit elementor-widget elementor-widget-text-editor\" data-id=\"37769be\" data-element_type=\"widget\" data-widget_type=\"text-editor.default\">\n\t\t\t\t<div class=\"elementor-widget-container\">\n\t\t\t\t\t\t\t<p>In Psicospacio we process the information provided by interested persons in order to promote the products of the web property of Psicospacio and maintain direct contact by email or phone call. We also process the information provided for the execution of contracts for the promotion and sale of the products offered by Psicospacio, when these cases arise. In order to be able to offer you products and services according to your interests, we will create a \"commercial profile\", based on the information provided. No automated decisions will be made based on this profile.<\/p>\t\t\t\t\t\t<\/div>\n\t\t\t\t<\/div>\n\t\t\t\t<div class=\"elementor-element elementor-element-16b9786 elementor-widget elementor-widget-heading\" data-id=\"16b9786\" data-element_type=\"widget\" data-widget_type=\"heading.default\">\n\t\t\t\t<div class=\"elementor-widget-container\">\n\t\t\t<h2 class=\"elementor-heading-title elementor-size-default\">How long will we keep your data?<\/h2>\t\t<\/div>\n\t\t\t\t<\/div>\n\t\t\t\t<div class=\"elementor-element elementor-element-dabcd15 elementor-widget__width-initial elementor-widget-mobile__width-inherit elementor-widget elementor-widget-text-editor\" data-id=\"dabcd15\" data-element_type=\"widget\" data-widget_type=\"text-editor.default\">\n\t\t\t\t<div class=\"elementor-widget-container\">\n\t\t\t\t\t\t\t<p>The personal data provided will be retained for as long as the business relationship is maintained or their deletion is not requested by the interested party for a period of fingers years from the last confirmation of interest.<\/p>\t\t\t\t\t\t<\/div>\n\t\t\t\t<\/div>\n\t\t\t\t<div class=\"elementor-element elementor-element-0b4ca52 elementor-widget elementor-widget-heading\" data-id=\"0b4ca52\" data-element_type=\"widget\" data-widget_type=\"heading.default\">\n\t\t\t\t<div class=\"elementor-widget-container\">\n\t\t\t<h2 class=\"elementor-heading-title elementor-size-default\">What is the legitimacy for the processing of your data?<\/h2>\t\t<\/div>\n\t\t\t\t<\/div>\n\t\t\t\t<div class=\"elementor-element elementor-element-9678208 elementor-widget__width-initial elementor-widget-mobile__width-inherit elementor-widget elementor-widget-text-editor\" data-id=\"9678208\" data-element_type=\"widget\" data-widget_type=\"text-editor.default\">\n\t\t\t\t<div class=\"elementor-widget-container\">\n\t\t\t\t\t\t\t<p>The legal basis for the processing of your data is the execution of the contract of sale of the ordered products and services listed in your order book, according to the terms and conditions stated on the contracting page of your order.<\/p><p>The sending of newsletters of products and services offered by Psicospacio, are based on the consent that is requested, without in any case the withdrawal of this consent conditions the execution of the subscription contract and \/ or consulting services.<\/p>\t\t\t\t\t\t<\/div>\n\t\t\t\t<\/div>\n\t\t\t\t<div class=\"elementor-element elementor-element-bc913e4 elementor-widget elementor-widget-heading\" data-id=\"bc913e4\" data-element_type=\"widget\" data-widget_type=\"heading.default\">\n\t\t\t\t<div class=\"elementor-widget-container\">\n\t\t\t<h2 class=\"elementor-heading-title elementor-size-default\">To which recipients will your data be communicated?<\/h2>\t\t<\/div>\n\t\t\t\t<\/div>\n\t\t\t\t<div class=\"elementor-element elementor-element-578600f elementor-widget__width-initial elementor-widget-mobile__width-inherit elementor-widget elementor-widget-text-editor\" data-id=\"578600f\" data-element_type=\"widget\" data-widget_type=\"text-editor.default\">\n\t\t\t\t<div class=\"elementor-widget-container\">\n\t\t\t\t\t\t\t<p>Psicospacio will not communicate your personal data to any entity.<\/p>\t\t\t\t\t\t<\/div>\n\t\t\t\t<\/div>\n\t\t\t\t<div class=\"elementor-element elementor-element-90c53cf elementor-widget elementor-widget-heading\" data-id=\"90c53cf\" data-element_type=\"widget\" data-widget_type=\"heading.default\">\n\t\t\t\t<div class=\"elementor-widget-container\">\n\t\t\t<h2 class=\"elementor-heading-title elementor-size-default\">What are your rights when you provide us with your data?<\/h2>\t\t<\/div>\n\t\t\t\t<\/div>\n\t\t\t\t<div class=\"elementor-element elementor-element-8e6de69 elementor-widget__width-initial elementor-widget-mobile__width-inherit elementor-widget elementor-widget-text-editor\" data-id=\"8e6de69\" data-element_type=\"widget\" data-widget_type=\"text-editor.default\">\n\t\t\t\t<div class=\"elementor-widget-container\">\n\t\t\t\t\t\t\t<p>Any person has the right to obtain confirmation as to whether or not Psicospacio is processing personal data concerning them. Interested persons have the right to access their personal data, as well as to request the rectification of inaccurate data or, where appropriate, request its deletion when, among other reasons, the data is no longer necessary for the purposes for which it was collected.<\/p><p>In certain circumstances, data subjects may request that we limit the processing of their data, in which case we will only retain the data for the exercise or defense of claims. In certain circumstances and for reasons related to their particular situation, data subjects may object to the processing of their data.<\/p><p>Psicospacio will stop processing the data, except for compelling legitimate reasons, or the exercise or defense of possible claims. Interested persons have the right to the portability of their personal data. Psicospacio facilitates this right to the interested party who wishes to exercise it. The interested party can materially exercise these rights through the access links that are available in the e-mails received by Psicospacio or by requesting the execution of any of the aforementioned rights by sending an e-mail to Psicospacio.info@gmail.com. <\/p><p>Optionally, you can redirect the data subject to the competent Supervisory Authority to obtain additional information about his or her rights. The data subject has the right to withdraw the consent granted to receive marketing information and\/or newsletter at any time, without affecting the lawfulness of the processing based on the consent prior to its withdrawal. <\/p><p>The data subject may file a complaint with the competent Data Protection Supervisory Authority, especially when he\/she has not obtained satisfaction in the exercise of his\/her rights by Psicospacio.<\/p>\t\t\t\t\t\t<\/div>\n\t\t\t\t<\/div>\n\t\t\t\t<\/div>\n\t\t\t\t\t<\/div>\n\t\t\t\t<\/div>\n\t\t\t\t<\/div>","protected":false},"excerpt":{"rendered":"<p>\u00bfQui\u00e9n es el Responsable del tratamiento de sus datos? Identidad Yenifer Saborit Escobar (en adelante \u201cPsicospacio\u201c) CIF 73100324E Direcci\u00f3n postal Av. del General Avil\u00e9s, 49, Campanar, 46015 Val\u00e8ncia, Valencia Correo electr\u00f3nico Psicospacio.info@gmail.com Tel\u00e9fono +34 611424924 \u00bfCon qu\u00e9 finalidad tratamos sus datos personales? En Psicospacio tratamos la informaci\u00f3n que nos facilitan las personas interesadas con el [&hellip;]<\/p>","protected":false},"author":1,"featured_media":0,"parent":0,"menu_order":0,"comment_status":"closed","ping_status":"closed","template":"","meta":{"footnotes":""},"class_list":["post-312","page","type-page","status-publish","hentry"],"yoast_head":"<!-- This site is optimized with the Yoast SEO plugin v22.8 - https:\/\/yoast.com\/wordpress\/plugins\/seo\/ -->\n<title>Politica de privacidad - Psicospacio<\/title>\n<meta name=\"robots\" content=\"index, follow, max-snippet:-1, max-image-preview:large, max-video-preview:-1\" \/>\n<link rel=\"canonical\" href=\"https:\/\/psicospacio.com\/en\/politica-de-privacidad\/\" \/>\n<meta property=\"og:locale\" content=\"en_US\" \/>\n<meta property=\"og:type\" content=\"article\" \/>\n<meta property=\"og:title\" content=\"Politica de privacidad - Psicospacio\" \/>\n<meta property=\"og:description\" content=\"\u00bfQui\u00e9n es el Responsable del tratamiento de sus datos? Identidad Yenifer Saborit Escobar (en adelante \u201cPsicospacio\u201c) CIF 73100324E Direcci\u00f3n postal Av. del General Avil\u00e9s, 49, Campanar, 46015 Val\u00e8ncia, Valencia Correo electr\u00f3nico Psicospacio.info@gmail.com Tel\u00e9fono +34 611424924 \u00bfCon qu\u00e9 finalidad tratamos sus datos personales? En Psicospacio tratamos la informaci\u00f3n que nos facilitan las personas interesadas con el [&hellip;]\" \/>\n<meta property=\"og:url\" content=\"https:\/\/psicospacio.com\/en\/politica-de-privacidad\/\" \/>\n<meta property=\"og:site_name\" content=\"Psicospacio\" \/>\n<meta property=\"article:modified_time\" content=\"2024-02-12T22:11:05+00:00\" \/>\n<meta name=\"twitter:card\" content=\"summary_large_image\" \/>\n<meta name=\"twitter:label1\" content=\"Est. reading time\" \/>\n\t<meta name=\"twitter:data1\" content=\"3 minutes\" \/>\n<script type=\"application\/ld+json\" class=\"yoast-schema-graph\">{\"@context\":\"https:\/\/schema.org\",\"@graph\":[{\"@type\":\"WebPage\",\"@id\":\"https:\/\/psicospacio.com\/politica-de-privacidad\/\",\"url\":\"https:\/\/psicospacio.com\/politica-de-privacidad\/\",\"name\":\"Politica de privacidad - Psicospacio\",\"isPartOf\":{\"@id\":\"https:\/\/psicospacio.com\/#website\"},\"datePublished\":\"2024-02-12T22:03:14+00:00\",\"dateModified\":\"2024-02-12T22:11:05+00:00\",\"breadcrumb\":{\"@id\":\"https:\/\/psicospacio.com\/politica-de-privacidad\/#breadcrumb\"},\"inLanguage\":\"en-US\",\"potentialAction\":[{\"@type\":\"ReadAction\",\"target\":[\"https:\/\/psicospacio.com\/politica-de-privacidad\/\"]}]},{\"@type\":\"BreadcrumbList\",\"@id\":\"https:\/\/psicospacio.com\/politica-de-privacidad\/#breadcrumb\",\"itemListElement\":[{\"@type\":\"ListItem\",\"position\":1,\"name\":\"Portada\",\"item\":\"https:\/\/psicospacio.com\/\"},{\"@type\":\"ListItem\",\"position\":2,\"name\":\"Politica de privacidad\"}]},{\"@type\":\"WebSite\",\"@id\":\"https:\/\/psicospacio.com\/#website\",\"url\":\"https:\/\/psicospacio.com\/\",\"name\":\"PsicoSpacio\",\"description\":\"\",\"publisher\":{\"@id\":\"https:\/\/psicospacio.com\/#organization\"},\"potentialAction\":[{\"@type\":\"SearchAction\",\"target\":{\"@type\":\"EntryPoint\",\"urlTemplate\":\"https:\/\/psicospacio.com\/?s={search_term_string}\"},\"query-input\":\"required name=search_term_string\"}],\"inLanguage\":\"en-US\"},{\"@type\":\"Organization\",\"@id\":\"https:\/\/psicospacio.com\/#organization\",\"name\":\"PsicoSpacio\",\"url\":\"https:\/\/psicospacio.com\/\",\"logo\":{\"@type\":\"ImageObject\",\"inLanguage\":\"en-US\",\"@id\":\"https:\/\/psicospacio.com\/#\/schema\/logo\/image\/\",\"url\":\"https:\/\/psicospacio.com\/wp-content\/uploads\/2024\/01\/1023c201-9a9a-4b68-a1c7-01416bf02d92.png\",\"contentUrl\":\"https:\/\/psicospacio.com\/wp-content\/uploads\/2024\/01\/1023c201-9a9a-4b68-a1c7-01416bf02d92.png\",\"width\":1056,\"height\":654,\"caption\":\"PsicoSpacio\"},\"image\":{\"@id\":\"https:\/\/psicospacio.com\/#\/schema\/logo\/image\/\"}}]}<\/script>\n<!-- \/ Yoast SEO plugin. -->","yoast_head_json":{"title":"Politica de privacidad - Psicospacio","robots":{"index":"index","follow":"follow","max-snippet":"max-snippet:-1","max-image-preview":"max-image-preview:large","max-video-preview":"max-video-preview:-1"},"canonical":"https:\/\/psicospacio.com\/en\/politica-de-privacidad\/","og_locale":"en_US","og_type":"article","og_title":"Politica de privacidad - Psicospacio","og_description":"\u00bfQui\u00e9n es el Responsable del tratamiento de sus datos? Identidad Yenifer Saborit Escobar (en adelante \u201cPsicospacio\u201c) CIF 73100324E Direcci\u00f3n postal Av. del General Avil\u00e9s, 49, Campanar, 46015 Val\u00e8ncia, Valencia Correo electr\u00f3nico Psicospacio.info@gmail.com Tel\u00e9fono +34 611424924 \u00bfCon qu\u00e9 finalidad tratamos sus datos personales? En Psicospacio tratamos la informaci\u00f3n que nos facilitan las personas interesadas con el [&hellip;]","og_url":"https:\/\/psicospacio.com\/en\/politica-de-privacidad\/","og_site_name":"Psicospacio","article_modified_time":"2024-02-12T22:11:05+00:00","twitter_card":"summary_large_image","twitter_misc":{"Est. reading time":"3 minutes"},"schema":{"@context":"https:\/\/schema.org","@graph":[{"@type":"WebPage","@id":"https:\/\/psicospacio.com\/politica-de-privacidad\/","url":"https:\/\/psicospacio.com\/politica-de-privacidad\/","name":"Politica de privacidad - Psicospacio","isPartOf":{"@id":"https:\/\/psicospacio.com\/#website"},"datePublished":"2024-02-12T22:03:14+00:00","dateModified":"2024-02-12T22:11:05+00:00","breadcrumb":{"@id":"https:\/\/psicospacio.com\/politica-de-privacidad\/#breadcrumb"},"inLanguage":"en-US","potentialAction":[{"@type":"ReadAction","target":["https:\/\/psicospacio.com\/politica-de-privacidad\/"]}]},{"@type":"BreadcrumbList","@id":"https:\/\/psicospacio.com\/politica-de-privacidad\/#breadcrumb","itemListElement":[{"@type":"ListItem","position":1,"name":"Portada","item":"https:\/\/psicospacio.com\/"},{"@type":"ListItem","position":2,"name":"Politica de privacidad"}]},{"@type":"WebSite","@id":"https:\/\/psicospacio.com\/#website","url":"https:\/\/psicospacio.com\/","name":"PsicoSpacio","description":"","publisher":{"@id":"https:\/\/psicospacio.com\/#organization"},"potentialAction":[{"@type":"SearchAction","target":{"@type":"EntryPoint","urlTemplate":"https:\/\/psicospacio.com\/?s={search_term_string}"},"query-input":"required name=search_term_string"}],"inLanguage":"en-US"},{"@type":"Organization","@id":"https:\/\/psicospacio.com\/#organization","name":"PsicoSpacio","url":"https:\/\/psicospacio.com\/","logo":{"@type":"ImageObject","inLanguage":"en-US","@id":"https:\/\/psicospacio.com\/#\/schema\/logo\/image\/","url":"https:\/\/psicospacio.com\/wp-content\/uploads\/2024\/01\/1023c201-9a9a-4b68-a1c7-01416bf02d92.png","contentUrl":"https:\/\/psicospacio.com\/wp-content\/uploads\/2024\/01\/1023c201-9a9a-4b68-a1c7-01416bf02d92.png","width":1056,"height":654,"caption":"PsicoSpacio"},"image":{"@id":"https:\/\/psicospacio.com\/#\/schema\/logo\/image\/"}}]}},"_links":{"self":[{"href":"https:\/\/psicospacio.com\/en\/wp-json\/wp\/v2\/pages\/312","targetHints":{"allow":["GET"]}}],"collection":[{"href":"https:\/\/psicospacio.com\/en\/wp-json\/wp\/v2\/pages"}],"about":[{"href":"https:\/\/psicospacio.com\/en\/wp-json\/wp\/v2\/types\/page"}],"author":[{"embeddable":true,"href":"https:\/\/psicospacio.com\/en\/wp-json\/wp\/v2\/users\/1"}],"replies":[{"embeddable":true,"href":"https:\/\/psicospacio.com\/en\/wp-json\/wp\/v2\/comments?post=312"}],"version-history":[{"count":4,"href":"https:\/\/psicospacio.com\/en\/wp-json\/wp\/v2\/pages\/312\/revisions"}],"predecessor-version":[{"id":317,"href":"https:\/\/psicospacio.com\/en\/wp-json\/wp\/v2\/pages\/312\/revisions\/317"}],"wp:attachment":[{"href":"https:\/\/psicospacio.com\/en\/wp-json\/wp\/v2\/media?parent=312"}],"curies":[{"name":"wp","href":"https:\/\/api.w.org\/{rel}","templated":true}]}}